{"id":556,"date":"2026-03-06T00:57:19","date_gmt":"2026-03-06T00:57:19","guid":{"rendered":"https:\/\/justsign.pt\/?page_id=556"},"modified":"2026-03-11T01:04:24","modified_gmt":"2026-03-11T01:04:24","slug":"produtos","status":"publish","type":"page","link":"https:\/\/justsign.pt\/?page_id=556","title":{"rendered":"Produtos"},"content":{"rendered":"\t\t<div data-elementor-type=\"wp-page\" data-elementor-id=\"556\" class=\"elementor elementor-556\" data-elementor-post-type=\"page\">\n\t\t\t\t<div class=\"elementor-element elementor-element-c52b8b1 e-flex e-con-boxed e-con e-parent\" data-id=\"c52b8b1\" data-element_type=\"container\" data-e-type=\"container\">\n\t\t\t\t\t<div class=\"e-con-inner\">\n\t\t\t\t<div class=\"elementor-element elementor-element-fe206a5 elementor-widget elementor-widget-image\" data-id=\"fe206a5\" data-element_type=\"widget\" data-e-type=\"widget\" data-widget_type=\"image.default\">\n\t\t\t\t\t\t\t\t\t\t\t\t\t\t\t<img fetchpriority=\"high\" decoding=\"async\" width=\"800\" height=\"254\" src=\"https:\/\/justsign.pt\/wp-content\/uploads\/2026\/03\/workplace2-1024x533-1.webp\" class=\"attachment-large size-large wp-image-558\" alt=\"\" srcset=\"https:\/\/justsign.pt\/wp-content\/uploads\/2026\/03\/workplace2-1024x533-1.webp 1024w, https:\/\/justsign.pt\/wp-content\/uploads\/2026\/03\/workplace2-1024x533-1-300x95.webp 300w, https:\/\/justsign.pt\/wp-content\/uploads\/2026\/03\/workplace2-1024x533-1-768x244.png 768w\" sizes=\"(max-width: 800px) 100vw, 800px\" \/>\t\t\t\t\t\t\t\t\t\t\t\t\t\t\t<\/div>\n\t\t\t\t\t<\/div>\n\t\t\t\t<\/div>\n\t\t<div class=\"elementor-element elementor-element-401b6542 e-con-full e-flex e-con e-parent\" data-id=\"401b6542\" data-element_type=\"container\" data-e-type=\"container\" data-settings=\"{&quot;background_background&quot;:&quot;classic&quot;}\">\n\t\t<div class=\"elementor-element elementor-element-79922fd9 e-con-full e-flex e-con e-child\" data-id=\"79922fd9\" data-element_type=\"container\" data-e-type=\"container\">\n\t\t\t\t<div class=\"elementor-element elementor-element-570331ec elementor-widget__width-initial elementor-widget elementor-widget-heading\" data-id=\"570331ec\" data-element_type=\"widget\" data-e-type=\"widget\" data-widget_type=\"heading.default\">\n\t\t\t\t\t<h1 class=\"elementor-heading-title elementor-size-default\">O produto certo para cada aplica\u00e7\u00e3o<\/h1>\t\t\t\t<\/div>\n\t\t\t\t<div class=\"elementor-element elementor-element-4037eee8 elementor-widget elementor-widget-text-editor\" data-id=\"4037eee8\" data-element_type=\"widget\" data-e-type=\"widget\" data-widget_type=\"text-editor.default\">\n\t\t\t\t\t\t\t\t\t<p>Descubra as nossas diversas solu\u00e7\u00f5es de hardware, software, API e cloud para assinaturas eletr\u00f3nicas.<\/p>\t\t\t\t\t\t\t\t<\/div>\n\t\t\t\t<\/div>\n\t\t<div class=\"elementor-element elementor-element-1f479dd8 e-con-full e-flex e-con e-child\" data-id=\"1f479dd8\" data-element_type=\"container\" data-e-type=\"container\">\n\t\t\t\t<div class=\"elementor-element elementor-element-7f0f25a elementor-widget elementor-widget-image\" data-id=\"7f0f25a\" data-element_type=\"widget\" data-e-type=\"widget\" data-widget_type=\"image.default\">\n\t\t\t\t\t\t\t\t\t\t\t\t\t\t\t<img decoding=\"async\" width=\"800\" height=\"336\" src=\"https:\/\/justsign.pt\/wp-content\/uploads\/2026\/01\/pads-sobrepostas.webp\" class=\"attachment-large size-large wp-image-359\" alt=\"\" srcset=\"https:\/\/justsign.pt\/wp-content\/uploads\/2026\/01\/pads-sobrepostas.webp 1000w, https:\/\/justsign.pt\/wp-content\/uploads\/2026\/01\/pads-sobrepostas-300x126.png 300w, https:\/\/justsign.pt\/wp-content\/uploads\/2026\/01\/pads-sobrepostas-768x323.png 768w\" sizes=\"(max-width: 800px) 100vw, 800px\" \/>\t\t\t\t\t\t\t\t\t\t\t\t\t\t\t<\/div>\n\t\t\t\t<\/div>\n\t\t\t\t<\/div>\n\t\t<div class=\"elementor-element elementor-element-bc48ce0 e-con-full e-flex e-con e-parent\" data-id=\"bc48ce0\" data-element_type=\"container\" data-e-type=\"container\" data-settings=\"{&quot;background_background&quot;:&quot;classic&quot;}\">\n\t\t\t\t<div class=\"elementor-element elementor-element-231e694 elementor-widget elementor-widget-image\" data-id=\"231e694\" data-element_type=\"widget\" data-e-type=\"widget\" data-widget_type=\"image.default\">\n\t\t\t\t\t\t\t\t\t\t\t\t\t\t\t<img decoding=\"async\" width=\"800\" height=\"604\" src=\"https:\/\/justsign.pt\/wp-content\/uploads\/2026\/01\/duraSign-Pad-NG-5.0_Imagem01-1-1024x773.png\" class=\"attachment-large size-large wp-image-412\" alt=\"\" srcset=\"https:\/\/justsign.pt\/wp-content\/uploads\/2026\/01\/duraSign-Pad-NG-5.0_Imagem01-1-1024x773.png 1024w, https:\/\/justsign.pt\/wp-content\/uploads\/2026\/01\/duraSign-Pad-NG-5.0_Imagem01-1-300x226.webp 300w, https:\/\/justsign.pt\/wp-content\/uploads\/2026\/01\/duraSign-Pad-NG-5.0_Imagem01-1-768x580.png 768w, https:\/\/justsign.pt\/wp-content\/uploads\/2026\/01\/duraSign-Pad-NG-5.0_Imagem01-1.webp 1536w\" sizes=\"(max-width: 800px) 100vw, 800px\" \/>\t\t\t\t\t\t\t\t\t\t\t\t\t\t\t<\/div>\n\t\t<div class=\"elementor-element elementor-element-6fa7c7d e-con-full e-flex e-con e-child\" data-id=\"6fa7c7d\" data-element_type=\"container\" data-e-type=\"container\">\n\t\t\t\t<div class=\"elementor-element elementor-element-8fae0cc elementor-widget__width-initial elementor-widget elementor-widget-heading\" data-id=\"8fae0cc\" data-element_type=\"widget\" data-e-type=\"widget\" data-widget_type=\"heading.default\">\n\t\t\t\t\t<h1 class=\"elementor-heading-title elementor-size-default\">duraSign Pad 5.0<\/h1>\t\t\t\t<\/div>\n\t\t\t\t<div class=\"elementor-element elementor-element-bf6a16b elementor-widget elementor-widget-text-editor\" data-id=\"bf6a16b\" data-element_type=\"widget\" data-e-type=\"widget\" data-widget_type=\"text-editor.default\">\n\t\t\t\t\t\t\t\t\t<p>Dur\u00e1vel e segura para uso estacion\u00e1rio. &#8220;duraSign&#8221; representa durabilidade extrema, combinada com m\u00e1xima seguran\u00e7a e uma apar\u00eancia nobre. Oferece um \u00e9cran a cores de 5 polegadas de alta resolu\u00e7\u00e3o e muitas outras solu\u00e7\u00f5es de detalhe sofisticadas.<\/p>\t\t\t\t\t\t\t\t<\/div>\n\t\t\t\t<\/div>\n\t\t\t\t<\/div>\n\t\t<div class=\"elementor-element elementor-element-f595033 e-con-full e-flex e-con e-parent\" data-id=\"f595033\" data-element_type=\"container\" data-e-type=\"container\" data-settings=\"{&quot;background_background&quot;:&quot;classic&quot;}\">\n\t\t<div class=\"elementor-element elementor-element-a8de47d e-con-full e-flex e-con e-child\" data-id=\"a8de47d\" data-element_type=\"container\" data-e-type=\"container\">\n\t\t\t\t<div class=\"elementor-element elementor-element-d893a15 elementor-widget__width-initial elementor-widget elementor-widget-heading\" data-id=\"d893a15\" data-element_type=\"widget\" data-e-type=\"widget\" data-widget_type=\"heading.default\">\n\t\t\t\t\t<h1 class=\"elementor-heading-title elementor-size-default\">duraSign Pad NG 10<\/h1>\t\t\t\t<\/div>\n\t\t\t\t<div class=\"elementor-element elementor-element-cd6f06c elementor-widget elementor-widget-text-editor\" data-id=\"cd6f06c\" data-element_type=\"widget\" data-e-type=\"widget\" data-widget_type=\"text-editor.default\">\n\t\t\t\t\t\t\t\t\t<p>Conforto e desempenho atrav\u00e9s de excelente conectividade em qualquer ambiente. Uma verdadeira pad de rede que pode ser conectada via cabo LAN assim como via USB. Comunica atrav\u00e9s do seu endere\u00e7o IP e funciona de forma aut\u00f3noma. Mais segura, mais f\u00e1cil, mais r\u00e1pida!<\/p>\t\t\t\t\t\t\t\t<\/div>\n\t\t\t\t<\/div>\n\t\t<div class=\"elementor-element elementor-element-82bdd51 e-con-full e-flex e-con e-child\" data-id=\"82bdd51\" data-element_type=\"container\" data-e-type=\"container\">\n\t\t\t\t<div class=\"elementor-element elementor-element-e70d5fd elementor-widget elementor-widget-image\" data-id=\"e70d5fd\" data-element_type=\"widget\" data-e-type=\"widget\" data-widget_type=\"image.default\">\n\t\t\t\t\t\t\t\t\t\t\t\t\t\t\t<img loading=\"lazy\" decoding=\"async\" width=\"800\" height=\"600\" src=\"https:\/\/justsign.pt\/wp-content\/uploads\/2026\/01\/duraSign-Pad-NG-10_Imagem01-1-1024x768.png\" class=\"attachment-large size-large wp-image-411\" alt=\"\" srcset=\"https:\/\/justsign.pt\/wp-content\/uploads\/2026\/01\/duraSign-Pad-NG-10_Imagem01-1-1024x768.png 1024w, https:\/\/justsign.pt\/wp-content\/uploads\/2026\/01\/duraSign-Pad-NG-10_Imagem01-1-300x225.webp 300w, https:\/\/justsign.pt\/wp-content\/uploads\/2026\/01\/duraSign-Pad-NG-10_Imagem01-1-768x576.png 768w, https:\/\/justsign.pt\/wp-content\/uploads\/2026\/01\/duraSign-Pad-NG-10_Imagem01-1-1536x1152.png 1536w, https:\/\/justsign.pt\/wp-content\/uploads\/2026\/01\/duraSign-Pad-NG-10_Imagem01-1-2048x1536.png 2048w, https:\/\/justsign.pt\/wp-content\/uploads\/2026\/01\/duraSign-Pad-NG-10_Imagem01-1.webp 1920w\" sizes=\"(max-width: 800px) 100vw, 800px\" \/>\t\t\t\t\t\t\t\t\t\t\t\t\t\t\t<\/div>\n\t\t\t\t<\/div>\n\t\t\t\t<\/div>\n\t\t<div class=\"elementor-element elementor-element-5b57125 e-con-full e-flex e-con e-parent\" data-id=\"5b57125\" data-element_type=\"container\" data-e-type=\"container\" data-settings=\"{&quot;background_background&quot;:&quot;classic&quot;}\">\n\t\t\t\t<div class=\"elementor-element elementor-element-37cbc2d elementor-widget elementor-widget-image\" data-id=\"37cbc2d\" data-element_type=\"widget\" data-e-type=\"widget\" data-widget_type=\"image.default\">\n\t\t\t\t\t\t\t\t\t\t\t\t\t\t\t<img loading=\"lazy\" decoding=\"async\" width=\"800\" height=\"600\" src=\"https:\/\/justsign.pt\/wp-content\/uploads\/2026\/01\/duraSign-Pad-4.3_Imagem01-1-1024x768.png\" class=\"attachment-large size-large wp-image-413\" alt=\"\" srcset=\"https:\/\/justsign.pt\/wp-content\/uploads\/2026\/01\/duraSign-Pad-4.3_Imagem01-1-1024x768.png 1024w, https:\/\/justsign.pt\/wp-content\/uploads\/2026\/01\/duraSign-Pad-4.3_Imagem01-1-300x225.png 300w, https:\/\/justsign.pt\/wp-content\/uploads\/2026\/01\/duraSign-Pad-4.3_Imagem01-1-768x576.png 768w, https:\/\/justsign.pt\/wp-content\/uploads\/2026\/01\/duraSign-Pad-4.3_Imagem01-1.png 1536w\" sizes=\"(max-width: 800px) 100vw, 800px\" \/>\t\t\t\t\t\t\t\t\t\t\t\t\t\t\t<\/div>\n\t\t<div class=\"elementor-element elementor-element-2300787 e-con-full e-flex e-con e-child\" data-id=\"2300787\" data-element_type=\"container\" data-e-type=\"container\">\n\t\t\t\t<div class=\"elementor-element elementor-element-b695f16 elementor-widget__width-initial elementor-widget elementor-widget-heading\" data-id=\"b695f16\" data-element_type=\"widget\" data-e-type=\"widget\" data-widget_type=\"heading.default\">\n\t\t\t\t\t<h1 class=\"elementor-heading-title elementor-size-default\">duraSign Pad 4.3<\/h1>\t\t\t\t<\/div>\n\t\t\t\t<div class=\"elementor-element elementor-element-cad344c elementor-widget elementor-widget-text-editor\" data-id=\"cad344c\" data-element_type=\"widget\" data-e-type=\"widget\" data-widget_type=\"text-editor.default\">\n\t\t\t\t\t\t\t\t\t<p>Gra\u00e7as ao seu design robusto e compacto, adequado para utiliza\u00e7\u00e3o fixa e m\u00f3vel. O ecr\u00e3 TFT de alto contraste e a superf\u00edcie de vidro endurecido tornam-no o ponto de entrada perfeito para a s\u00e9rie duraSign Pad.<\/p>\t\t\t\t\t\t\t\t<\/div>\n\t\t\t\t<\/div>\n\t\t\t\t<\/div>\n\t\t<div class=\"elementor-element elementor-element-73c3c9c e-con-full e-flex e-con e-parent\" data-id=\"73c3c9c\" data-element_type=\"container\" data-e-type=\"container\" data-settings=\"{&quot;background_background&quot;:&quot;classic&quot;}\">\n\t\t<div class=\"elementor-element elementor-element-5e34cbb e-con-full e-flex e-con e-child\" data-id=\"5e34cbb\" data-element_type=\"container\" data-e-type=\"container\">\n\t\t\t\t<div class=\"elementor-element elementor-element-09ea524 elementor-widget__width-initial elementor-widget elementor-widget-heading\" data-id=\"09ea524\" data-element_type=\"widget\" data-e-type=\"widget\" data-widget_type=\"heading.default\">\n\t\t\t\t\t<h1 class=\"elementor-heading-title elementor-size-default\">duraSign Pad 10.0<\/h1>\t\t\t\t<\/div>\n\t\t\t\t<div class=\"elementor-element elementor-element-f163ab4 elementor-widget elementor-widget-text-editor\" data-id=\"f163ab4\" data-element_type=\"widget\" data-e-type=\"widget\" data-widget_type=\"text-editor.default\">\n\t\t\t\t\t\t\t\t\t<p>Melhor exibi\u00e7\u00e3o de conte\u00fado atrav\u00e9s de um grande ecr\u00e3 de 10 polegadas para uso estacion\u00e1rio. Tal como com todos os tablets duraSign, pode esperar uma durabilidade extrema aliada \u00e0 m\u00e1xima seguran\u00e7a.<\/p>\t\t\t\t\t\t\t\t<\/div>\n\t\t\t\t<\/div>\n\t\t<div class=\"elementor-element elementor-element-c03b608 e-con-full e-flex e-con e-child\" data-id=\"c03b608\" data-element_type=\"container\" data-e-type=\"container\">\n\t\t\t\t<div class=\"elementor-element elementor-element-7322f1b elementor-widget elementor-widget-image\" data-id=\"7322f1b\" data-element_type=\"widget\" data-e-type=\"widget\" data-widget_type=\"image.default\">\n\t\t\t\t\t\t\t\t\t\t\t\t\t\t\t<img loading=\"lazy\" decoding=\"async\" width=\"800\" height=\"600\" src=\"https:\/\/justsign.pt\/wp-content\/uploads\/2026\/01\/duraSign-Pad-10.0_Imagem01-1-1024x768.png\" class=\"attachment-large size-large wp-image-414\" alt=\"\" srcset=\"https:\/\/justsign.pt\/wp-content\/uploads\/2026\/01\/duraSign-Pad-10.0_Imagem01-1-1024x768.png 1024w, https:\/\/justsign.pt\/wp-content\/uploads\/2026\/01\/duraSign-Pad-10.0_Imagem01-1-300x225.png 300w, https:\/\/justsign.pt\/wp-content\/uploads\/2026\/01\/duraSign-Pad-10.0_Imagem01-1-768x576.png 768w, https:\/\/justsign.pt\/wp-content\/uploads\/2026\/01\/duraSign-Pad-10.0_Imagem01-1.png 1536w\" sizes=\"(max-width: 800px) 100vw, 800px\" \/>\t\t\t\t\t\t\t\t\t\t\t\t\t\t\t<\/div>\n\t\t\t\t<\/div>\n\t\t\t\t<\/div>\n\t\t<div class=\"elementor-element elementor-element-c7d88af e-con-full e-flex e-con e-parent\" data-id=\"c7d88af\" data-element_type=\"container\" data-e-type=\"container\" data-settings=\"{&quot;background_background&quot;:&quot;classic&quot;}\">\n\t\t\t\t<div class=\"elementor-element elementor-element-7f75a77 elementor-widget elementor-widget-image\" data-id=\"7f75a77\" data-element_type=\"widget\" data-e-type=\"widget\" data-widget_type=\"image.default\">\n\t\t\t\t\t\t\t\t\t\t\t\t\t\t\t<img loading=\"lazy\" decoding=\"async\" width=\"800\" height=\"600\" src=\"https:\/\/justsign.pt\/wp-content\/uploads\/2026\/03\/naturaSign-Pad-Classic-1024x768.webp\" class=\"attachment-large size-large wp-image-696\" alt=\"\" srcset=\"https:\/\/justsign.pt\/wp-content\/uploads\/2026\/03\/naturaSign-Pad-Classic-1024x768.webp 1024w, https:\/\/justsign.pt\/wp-content\/uploads\/2026\/03\/naturaSign-Pad-Classic-300x225.webp 300w, https:\/\/justsign.pt\/wp-content\/uploads\/2026\/03\/naturaSign-Pad-Classic-768x576.webp 768w, https:\/\/justsign.pt\/wp-content\/uploads\/2026\/03\/naturaSign-Pad-Classic.webp 1536w\" sizes=\"(max-width: 800px) 100vw, 800px\" \/>\t\t\t\t\t\t\t\t\t\t\t\t\t\t\t<\/div>\n\t\t<div class=\"elementor-element elementor-element-44c834e e-con-full e-flex e-con e-child\" data-id=\"44c834e\" data-element_type=\"container\" data-e-type=\"container\">\n\t\t\t\t<div class=\"elementor-element elementor-element-590ce72 elementor-widget__width-initial elementor-widget elementor-widget-heading\" data-id=\"590ce72\" data-element_type=\"widget\" data-e-type=\"widget\" data-widget_type=\"heading.default\">\n\t\t\t\t\t<h1 class=\"elementor-heading-title elementor-size-default\">naturaSign Pad Classic<\/h1>\t\t\t\t<\/div>\n\t\t\t\t<div class=\"elementor-element elementor-element-29f4793 elementor-widget elementor-widget-text-editor\" data-id=\"29f4793\" data-element_type=\"widget\" data-e-type=\"widget\" data-widget_type=\"text-editor.default\">\n\t\t\t\t\t\t\t\t\t<p>A cl\u00e1ssica pad de assinatura &#8211; com ecr\u00e3 preto e branco e caixa de prote\u00e7\u00e3o para uso m\u00f3vel. Esta pad de assinatura \u00e9 plana, mas extremamente robusta devido ao seu inv\u00f3lucro resistente.<\/p>\t\t\t\t\t\t\t\t<\/div>\n\t\t\t\t<\/div>\n\t\t\t\t<\/div>\n\t\t<div class=\"elementor-element elementor-element-7c1533e e-con-full e-flex e-con e-parent\" data-id=\"7c1533e\" data-element_type=\"container\" data-e-type=\"container\" data-settings=\"{&quot;background_background&quot;:&quot;classic&quot;}\">\n\t\t<div class=\"elementor-element elementor-element-d2ea829 e-con-full e-flex e-con e-child\" data-id=\"d2ea829\" data-element_type=\"container\" data-e-type=\"container\" data-settings=\"{&quot;background_background&quot;:&quot;classic&quot;}\">\n\t\t\t\t<div class=\"elementor-element elementor-element-1e3c479 elementor-widget elementor-widget-heading\" data-id=\"1e3c479\" data-element_type=\"widget\" data-e-type=\"widget\" data-widget_type=\"heading.default\">\n\t\t\t\t\t<h1 class=\"elementor-heading-title elementor-size-default\">Precisa de ajuda?<\/h1>\t\t\t\t<\/div>\n\t\t\t\t<div class=\"elementor-element elementor-element-e7064b4 elementor-widget elementor-widget-heading\" data-id=\"e7064b4\" data-element_type=\"widget\" data-e-type=\"widget\" data-widget_type=\"heading.default\">\n\t\t\t\t\t<p class=\"elementor-heading-title elementor-size-default\">Contate-nos sem qualquer compromisso... estamos dispon\u00edveis para ajudar!<\/p>\t\t\t\t<\/div>\n\t\t\t\t<\/div>\n\t\t<div class=\"elementor-element elementor-element-199c92b e-con-full e-flex e-con e-child\" data-id=\"199c92b\" data-element_type=\"container\" data-e-type=\"container\">\n\t\t\t\t<div class=\"elementor-element elementor-element-4cce97d elementor-button-align-start elementor-tablet-button-align-center elementor-widget elementor-widget-form\" data-id=\"4cce97d\" data-element_type=\"widget\" data-e-type=\"widget\" data-settings=\"{&quot;step_next_label&quot;:&quot;Next&quot;,&quot;step_previous_label&quot;:&quot;Previous&quot;,&quot;button_width&quot;:&quot;100&quot;,&quot;step_type&quot;:&quot;number_text&quot;,&quot;step_icon_shape&quot;:&quot;circle&quot;}\" data-widget_type=\"form.default\">\n\t\t\t\t\t\t\t<form class=\"elementor-form\" method=\"post\" name=\"Contact Form\" aria-label=\"Contact Form\">\n\t\t\t<input type=\"hidden\" name=\"post_id\" value=\"556\"\/>\n\t\t\t<input type=\"hidden\" name=\"form_id\" value=\"4cce97d\"\/>\n\t\t\t<input type=\"hidden\" name=\"referer_title\" value=\"Produtos\" \/>\n\n\t\t\t\t\t\t\t<input type=\"hidden\" name=\"queried_id\" value=\"556\"\/>\n\t\t\t\n\t\t\t<div class=\"elementor-form-fields-wrapper elementor-labels-\">\n\t\t\t\t\t\t\t\t<div class=\"elementor-field-type-text elementor-field-group elementor-column elementor-field-group-nome elementor-col-50 elementor-field-required\">\n\t\t\t\t\t\t\t\t\t\t\t\t<label for=\"form-field-nome\" class=\"elementor-field-label elementor-screen-only\">\n\t\t\t\t\t\t\t\tNome\t\t\t\t\t\t\t<\/label>\n\t\t\t\t\t\t\t\t\t\t\t\t\t\t<input size=\"1\" type=\"text\" name=\"form_fields[nome]\" id=\"form-field-nome\" class=\"elementor-field elementor-size-sm  elementor-field-textual\" placeholder=\"Nome*\" required=\"required\">\n\t\t\t\t\t\t\t\t\t\t\t<\/div>\n\t\t\t\t\t\t\t\t<div class=\"elementor-field-type-text elementor-field-group elementor-column elementor-field-group-field_b743cd7 elementor-col-50 elementor-field-required\">\n\t\t\t\t\t\t\t\t\t\t\t\t<label for=\"form-field-field_b743cd7\" class=\"elementor-field-label elementor-screen-only\">\n\t\t\t\t\t\t\t\tApelido\t\t\t\t\t\t\t<\/label>\n\t\t\t\t\t\t\t\t\t\t\t\t\t\t<input size=\"1\" type=\"text\" name=\"form_fields[field_b743cd7]\" id=\"form-field-field_b743cd7\" class=\"elementor-field elementor-size-sm  elementor-field-textual\" placeholder=\"Apelido*\" required=\"required\">\n\t\t\t\t\t\t\t\t\t\t\t<\/div>\n\t\t\t\t\t\t\t\t<div class=\"elementor-field-type-email elementor-field-group elementor-column elementor-field-group-field_6408311 elementor-col-50 elementor-field-required\">\n\t\t\t\t\t\t\t\t\t\t\t\t<label for=\"form-field-field_6408311\" class=\"elementor-field-label elementor-screen-only\">\n\t\t\t\t\t\t\t\tEmail\t\t\t\t\t\t\t<\/label>\n\t\t\t\t\t\t\t\t\t\t\t\t\t\t<input size=\"1\" type=\"email\" name=\"form_fields[field_6408311]\" id=\"form-field-field_6408311\" class=\"elementor-field elementor-size-sm  elementor-field-textual\" placeholder=\"Email*\" required=\"required\">\n\t\t\t\t\t\t\t\t\t\t\t<\/div>\n\t\t\t\t\t\t\t\t<div class=\"elementor-field-type-text elementor-field-group elementor-column elementor-field-group-field_c01c816 elementor-col-100\">\n\t\t\t\t\t\t\t\t\t\t\t\t<label for=\"form-field-field_c01c816\" class=\"elementor-field-label elementor-screen-only\">\n\t\t\t\t\t\t\t\tEmpresa\t\t\t\t\t\t\t<\/label>\n\t\t\t\t\t\t\t\t\t\t\t\t\t\t<input size=\"1\" type=\"text\" name=\"form_fields[field_c01c816]\" id=\"form-field-field_c01c816\" class=\"elementor-field elementor-size-sm  elementor-field-textual\" placeholder=\"Empresa (opcional)\">\n\t\t\t\t\t\t\t\t\t\t\t<\/div>\n\t\t\t\t\t\t\t\t<div class=\"elementor-field-type-textarea elementor-field-group elementor-column elementor-field-group-mensagem elementor-col-100\">\n\t\t\t\t\t\t\t\t\t\t\t\t<label for=\"form-field-mensagem\" class=\"elementor-field-label elementor-screen-only\">\n\t\t\t\t\t\t\t\tMensagem\t\t\t\t\t\t\t<\/label>\n\t\t\t\t\t\t<textarea class=\"elementor-field-textual elementor-field  elementor-size-sm\" name=\"form_fields[mensagem]\" id=\"form-field-mensagem\" rows=\"4\" placeholder=\"Mensagem\"><\/textarea>\t\t\t\t<\/div>\n\t\t\t\t\t\t\t\t<div class=\"elementor-field-group elementor-column elementor-field-type-submit elementor-col-100 e-form__buttons\">\n\t\t\t\t\t<button class=\"elementor-button elementor-size-sm\" type=\"submit\">\n\t\t\t\t\t\t<span class=\"elementor-button-content-wrapper\">\n\t\t\t\t\t\t\t\t\t\t\t\t\t\t\t\t\t\t\t\t\t\t<span class=\"elementor-button-text\">Submeter<\/span>\n\t\t\t\t\t\t\t\t\t\t\t\t\t<\/span>\n\t\t\t\t\t<\/button>\n\t\t\t\t<\/div>\n\t\t\t<\/div>\n\t\t<\/form>\n\t\t\t\t\t\t<\/div>\n\t\t\t\t<\/div>\n\t\t\t\t<\/div>\n\t\t\t\t<\/div>\n\t\t","protected":false},"excerpt":{"rendered":"<p>O produto certo para cada aplica\u00e7\u00e3o Descubra as nossas diversas solu\u00e7\u00f5es de hardware, software, API e cloud para assinaturas eletr\u00f3nicas. duraSign Pad 5.0 Dur\u00e1vel e segura para uso estacion\u00e1rio. &#8220;duraSign&#8221; representa durabilidade extrema, combinada com m\u00e1xima seguran\u00e7a e uma apar\u00eancia nobre. Oferece um \u00e9cran a cores de 5 polegadas de alta resolu\u00e7\u00e3o e muitas outras [&hellip;]<\/p>\n","protected":false},"author":1,"featured_media":0,"parent":0,"menu_order":2,"comment_status":"closed","ping_status":"closed","template":"","meta":{"footnotes":""},"class_list":["post-556","page","type-page","status-publish","hentry"],"_links":{"self":[{"href":"https:\/\/justsign.pt\/index.php?rest_route=\/wp\/v2\/pages\/556","targetHints":{"allow":["GET"]}}],"collection":[{"href":"https:\/\/justsign.pt\/index.php?rest_route=\/wp\/v2\/pages"}],"about":[{"href":"https:\/\/justsign.pt\/index.php?rest_route=\/wp\/v2\/types\/page"}],"author":[{"embeddable":true,"href":"https:\/\/justsign.pt\/index.php?rest_route=\/wp\/v2\/users\/1"}],"replies":[{"embeddable":true,"href":"https:\/\/justsign.pt\/index.php?rest_route=%2Fwp%2Fv2%2Fcomments&post=556"}],"version-history":[{"count":40,"href":"https:\/\/justsign.pt\/index.php?rest_route=\/wp\/v2\/pages\/556\/revisions"}],"predecessor-version":[{"id":709,"href":"https:\/\/justsign.pt\/index.php?rest_route=\/wp\/v2\/pages\/556\/revisions\/709"}],"wp:attachment":[{"href":"https:\/\/justsign.pt\/index.php?rest_route=%2Fwp%2Fv2%2Fmedia&parent=556"}],"curies":[{"name":"wp","href":"https:\/\/api.w.org\/{rel}","templated":true}]}}